{"id":3951,"date":"2020-05-04T16:53:20","date_gmt":"2020-05-04T14:53:20","guid":{"rendered":"https:\/\/2020.scassi.it\/f-a-q\/"},"modified":"2020-05-15T18:17:23","modified_gmt":"2020-05-15T16:17:23","slug":"f-a-q","status":"publish","type":"page","link":"https:\/\/www.scassi.it\/de\/f-a-q\/","title":{"rendered":"F.A.Q."},"content":{"rendered":"<div class=\"fusion-fullwidth fullwidth-box fusion-builder-row-1 nonhundred-percent-fullwidth non-hundred-percent-height-scrolling\" style=\"--awb-border-radius-top-left:0px;--awb-border-radius-top-right:0px;--awb-border-radius-bottom-right:0px;--awb-border-radius-bottom-left:0px;--awb-padding-top:0px;--awb-padding-right:0px;--awb-padding-bottom:0px;--awb-padding-left:0px;--awb-margin-top:0px;--awb-margin-bottom:0px;--awb-background-color:rgba(173,173,173,0.71);--awb-border-sizes-top:0px;--awb-border-sizes-bottom:0px;--awb-flex-wrap:wrap;--awb-filter:saturate(97%) brightness(99%);--awb-filter-transition:filter 0.3s ease;--awb-filter-hover:saturate(100%) brightness(100%);\" ><div class=\"fusion-builder-row fusion-row\"><div class=\"fusion-layout-column fusion_builder_column fusion-builder-column-0 fusion_builder_column_1_1 1_1 fusion-one-full fusion-column-first fusion-column-last\" style=\"--awb-padding-right:30px;--awb-padding-left:30px;--awb-bg-color:rgba(232,232,232,0.31);--awb-bg-color-hover:rgba(232,232,232,0.31);--awb-bg-image:url(&#039;https:\/\/www.scassi.it\/wp-content\/uploads\/2020\/05\/Italy-190_preview.jpeg&#039;);--awb-bg-position:center bottom;--awb-bg-size:cover;--awb-margin-top:20px;\"><div class=\"fusion-column-wrapper fusion-column-has-shadow fusion-flex-column-wrapper-legacy fusion-column-has-bg-image\" data-bg-url=\"https:\/\/www.scassi.it\/wp-content\/uploads\/2020\/05\/Italy-190_preview.jpeg\"><ul style=\"--awb-iconcolor:rgba(232,232,232,0);--awb-line-height:23.8px;--awb-icon-width:23.8px;--awb-icon-height:23.8px;--awb-icon-margin:9.8px;--awb-content-margin:33.6px;\" class=\"fusion-checklist fusion-checklist-1 fusion-checklist-default type-icons\"><li class=\"fusion-li-item\" style=\"\"><span class=\"icon-wrapper circle-no\"><i class=\"fusion-li-icon fa-exclamation-circle fas\" aria-hidden=\"true\"><\/i><\/span><div class=\"fusion-li-item-content\">\n<h2 class=\"fusion-responsive-typography-calculated\" style=\"text-align: center; --fontsize: 48; line-height: 1.2;\" data-fontsize=\"48\" data-lineheight=\"57.6px\"><span style=\"color: #ffffff; font-family: Calligraffitti; font-weight: 400;\" data-fusion-font=\"true\" data-fusion-google-font=\"Calligraffitti\" data-fusion-google-variant=\"400\" data-fusion-google-subset=\"latin\"><img decoding=\"async\" class=\"aligncenter size-fusion-200 wp-image-4034\" src=\"https:\/\/www.scassi.it\/wp-content\/uploads\/2020\/05\/Italy-190_preview-200x134.jpeg\" alt=\"\" width=\"200\" height=\"134\" srcset=\"https:\/\/www.scassi.it\/wp-content\/uploads\/2020\/05\/Italy-190_preview-200x134.jpeg 200w, https:\/\/www.scassi.it\/wp-content\/uploads\/2020\/05\/Italy-190_preview.jpeg 256w\" sizes=\"(max-width: 200px) 100vw, 200px\" \/><\/span><\/h2>\n<h1><span style=\"color: #ffffff; font-family: Calligraffitti; font-weight: 400;\" data-fusion-font=\"true\" data-fusion-google-font=\"Calligraffitti\" data-fusion-google-variant=\"400\" data-fusion-google-subset=\"latin\">Wussetst du dass,&#8230;<\/span><span style=\"color: #ffffff; font-family: Calligraffitti; font-weight: 400;\" data-fusion-font=\"true\" data-fusion-google-font=\"Calligraffitti\" data-fusion-google-variant=\"400\" data-fusion-google-subset=\"latin\">?<\/span><\/h1>\n<\/div><\/li><li class=\"fusion-li-item\" style=\"\"><span class=\"icon-wrapper circle-no\"><i class=\"fusion-li-icon awb-icon-check\" aria-hidden=\"true\"><\/i><\/span><div class=\"fusion-li-item-content\">\n<h3><b style=\"color: rgb(255, 255, 255); font-family: Baskervville;\" data-fusion-font=\"true\" data-fusion-google-font=\"Baskervville\" data-fusion-google-variant=\"400\" data-fusion-google-subset=\"latin\">-Echtes Extra Vergine Oliven\u00f6l<\/b><b style=\"color: rgb(255, 255, 255); font-family: Baskervville; font-weight: 400;\" data-fusion-font=\"true\" data-fusion-google-font=\"Baskervville\" data-fusion-google-variant=\"400\" data-fusion-google-subset=\"latin\"> <\/b><span style=\"font-weight: 400; color: rgb(255, 255, 255); font-family: Baskervville;\" data-mce-style=\"font-weight: 400;\" data-fusion-font=\"true\" data-fusion-google-font=\"Baskervville\" data-fusion-google-variant=\"400\" data-fusion-google-subset=\"latin\">nicht raffiniert <\/span><span style=\"color: rgb(255, 255, 255); font-family: Baskervville; font-weight: 400;\" data-fusion-font=\"true\" data-fusion-google-font=\"Baskervville\" data-fusion-google-variant=\"400\" data-fusion-google-subset=\"latin\">ist<\/span><span style=\"color: rgb(255, 255, 255); font-family: Baskervville; font-size: var(--h3_typography-font-size); font-weight: 400; background-color: rgba(255, 255, 255, 0);\" data-fusion-font=\"true\" data-fusion-google-font=\"Baskervville\" data-fusion-google-variant=\"400\" data-fusion-google-subset=\"latin\"> <\/span><span style=\"color: rgb(255, 255, 255); font-family: Baskervville; font-weight: 400;\" data-fusion-font=\"true\" data-fusion-google-font=\"Baskervville\" data-fusion-google-variant=\"400\" data-fusion-google-subset=\"latin\">! Dies bedeutet, dass nur Oliven mechanisch und <\/span><span data-fusion-font=\"true\" data-fusion-google-font=\"Baskervville\" data-fusion-google-variant=\"400\" data-fusion-google-subset=\"latin\" style=\"font-size: var(--h3_typography-font-size); letter-spacing: var(--h3_typography-letter-spacing); background-color: rgba(255, 255, 255, 0); color: rgb(255, 255, 255); font-family: Baskervville; font-weight: 400;\">ohne Hitze<\/span><span data-mce-style=\"font-weight: 400;\" data-fusion-font=\"true\" data-fusion-google-font=\"Baskervville\" data-fusion-google-variant=\"400\" data-fusion-google-subset=\"latin\" style=\"font-size: var(--h3_typography-font-size); font-style: var(--h3_typography-font-style,normal); letter-spacing: var(--h3_typography-letter-spacing); background-color: rgba(255, 255, 255, 0); color: rgb(255, 255, 255); font-family: Baskervville;\"><span style=\"color: rgb(255, 255, 255);\"><span data-fusion-font=\"true\" data-fusion-google-font=\"Baskervville\" data-fusion-google-variant=\"400\" data-fusion-google-subset=\"latin\" style=\"font-family: Baskervville; font-weight: 400;\"> gepresst werden.<\/span> Auf<\/span> diese schonende Weise kommen viel Wertvolle Eigenschaften der Oliven mit ins \u00d6l.<\/span><\/h3>\n<\/div><\/li><li class=\"fusion-li-item\" style=\"\"><span class=\"icon-wrapper circle-no\"><i class=\"fusion-li-icon awb-icon-check\" aria-hidden=\"true\"><\/i><\/span><div class=\"fusion-li-item-content\">\n<h3><b style=\"color: rgb(255, 255, 255); font-family: Baskervville; font-weight: 400;\" data-fusion-font=\"true\" data-fusion-google-font=\"Baskervville\" data-fusion-google-variant=\"400\" data-fusion-google-subset=\"latin\">-Oliven B\u00e4ume<\/b><span style=\"font-weight: 400; color: rgb(255, 255, 255); font-family: Baskervville;\" data-mce-style=\"font-weight: 400;\" data-fusion-font=\"true\" data-fusion-google-font=\"Baskervville\" data-fusion-google-variant=\"400\" data-fusion-google-subset=\"latin\"> abwechselnd Fr\u00fcchte tragen. <span style=\"color: rgb(255, 255, 255);\">I<\/span><\/span><span style=\"color: rgb(255, 255, 255);\">m einen Jahr ergeben sie eine \u00fcppige Ernte und im Jahr darauf etwa eine halbe Ernte. <\/span><\/h3>\n<\/div><\/li><li class=\"fusion-li-item\" style=\"\"><span class=\"icon-wrapper circle-no\"><i class=\"fusion-li-icon awb-icon-check\" aria-hidden=\"true\"><\/i><\/span><div class=\"fusion-li-item-content\">\n<h3><b style=\"color: rgb(255, 255, 255); font-family: Baskervville;\" data-fusion-font=\"true\" data-fusion-google-font=\"Baskervville\" data-fusion-google-variant=\"400\" data-fusion-google-subset=\"latin\">-Polyphenole<\/b><span style=\"font-weight: 400; color: rgb(255, 255, 255); font-family: Baskervville;\" data-mce-style=\"font-weight: 400;\" data-fusion-font=\"true\" data-fusion-google-font=\"Baskervville\" data-fusion-google-variant=\"400\" data-fusion-google-subset=\"latin\"> eine antioxidative Wirkung <\/span><span style=\"color: rgb(255, 255, 255);\">haben und das nat\u00fcrliche Konservierungsmittel des \u00d6les sind. Sie geben Oliven\u00f6l eine hohe oxidative Stabilit\u00e4t im Vergleich mit anderen Speisefetten. Sie helfen bei der Bek\u00e4mpfung von freien Radikalen die beim Rauchen, Umweltverschmutzung, Verzehr von ranzigen Fetten usw. freigesetzt werden. Es wird auch angenommen, dass Polyphenole dazu beitragen, den K\u00f6rper in einen entz\u00fcndungshemmenden Zustand zu versetzen. Polyphenole verleihen dem \u00d6l einen leicht bitteren Nachgeschmack.<\/span><\/h3>\n<\/div><\/li><li class=\"fusion-li-item\" style=\"\"><span class=\"icon-wrapper circle-no\"><i class=\"fusion-li-icon awb-icon-check\" aria-hidden=\"true\"><\/i><\/span><div class=\"fusion-li-item-content\">\n<h3><span style=\"color: rgb(255, 255, 255); font-family: Baskervville;\" data-mce-style=\"font-weight: 400;\" data-fusion-font=\"true\" data-fusion-google-font=\"Baskervville\" data-fusion-google-variant=\"400\" data-fusion-google-subset=\"latin\"><b>-die \u00d6ls\u00e4ure<\/b> sagt,<\/span><span style=\"font-weight: 400; color: rgb(255, 255, 255); font-family: Baskervville;\" data-mce-style=\"font-weight: 400;\" data-fusion-font=\"true\" data-fusion-google-font=\"Baskervville\" data-fusion-google-variant=\"400\" data-fusion-google-subset=\"latin\"> wieviel freie Fetts\u00e4ure (die das \u00d6l oxidieren lassen) im \u00d6l enthalten ist. <\/span> <span style=\"color: rgb(255, 255, 255);\">Ein tiefer S\u00e4uregehalt ist ein Indikator f\u00fcr gute Qualit\u00e4t. Bei qualitativ gutem \u00d6l sollte der S\u00e4uregehalt unter 0.3% liegen. Gesetzlich ist aber ein H\u00f6chstwert von 0.8% zugelassen. Beim Verbraucher gibt es eine gewisse Verwirrung, da man meint die S\u00e4ure hat etwas mit den Geschmack zu tun. In Wahrheit ist die S\u00e4ure geschmacklos.<\/span><\/h3>\n<\/div><\/li><li class=\"fusion-li-item\" style=\"\"><span class=\"icon-wrapper circle-no\"><i class=\"fusion-li-icon awb-icon-check\" aria-hidden=\"true\"><\/i><\/span><div class=\"fusion-li-item-content\">\n<h3><span style=\"font-weight: 400; color: rgb(255, 255, 255); font-family: Baskervville;\" data-fusion-font=\"true\" data-fusion-google-font=\"Baskervville\" data-fusion-google-variant=\"400\" data-fusion-google-subset=\"latin\">-ungesaettigte Fettsaeuren  mit Sauerstoff <\/span><span style=\"color: rgb(255, 255, 255);\">reagieren und <\/span><span data-fusion-font=\"true\" data-fusion-google-font=\"Baskervville\" data-fusion-google-variant=\"400\" data-fusion-google-subset=\"latin\" style=\"font-size: var(--h3_typography-font-size); font-style: var(--h3_typography-font-style,normal); font-weight: var(--h3_typography-font-weight); letter-spacing: var(--h3_typography-letter-spacing); background-color: rgba(255, 255, 255, 0); color: rgb(255, 255, 255); font-family: Baskervville;\"><b>Peroxide <\/b><\/span><span style=\"color: rgb(255, 255, 255);\">bilden<\/span><b style=\"color: rgb(255, 255, 255);\">,<\/b><span data-fusion-font=\"true\" data-fusion-google-font=\"Baskervville\" data-fusion-google-variant=\"400\" data-fusion-google-subset=\"latin\" style=\"font-size: var(--h3_typography-font-size); font-style: var(--h3_typography-font-style,normal); font-weight: var(--h3_typography-font-weight); letter-spacing: var(--h3_typography-letter-spacing); background-color: rgba(255, 255, 255, 0); color: rgb(255, 255, 255); font-family: Baskervville;\"> die wiederum volatile Substanzen freisetzen und zum ranzigen geschmack beitragen. Peroxyde sagen etwas \u00fcber den konservierungs zustand des \u00d6ls aus und nehmen mit der Zeit zu. Der maximal zugelassene Wert liegt bei 20. Gutes \u00d6l sollte einen Wert von under 10 haben. Ein geringer Peroxyde Gehalt ist w\u00fcnschenswert und h\u00e4ngt in erster Linie vom Gesundheitszustand er Fr\u00fcchte ab.<\/span><\/h3>\n<\/div><\/li><li class=\"fusion-li-item\" style=\"\"><span class=\"icon-wrapper circle-no\"><i class=\"fusion-li-icon awb-icon-check\" aria-hidden=\"true\"><\/i><\/span><div class=\"fusion-li-item-content\">\n<h3><b><span style=\"color: rgb(255, 255, 255); font-family: Baskervville;\" data-fusion-font=\"true\" data-fusion-google-font=\"Baskervville\" data-fusion-google-variant=\"400\" data-fusion-google-subset=\"latin\">-1 toskanischer Olivenbaum<\/span><span style=\"color: rgb(255, 255, 255); font-family: Baskervville;\" data-mce-style=\"font-weight: 400;\" data-fusion-font=\"true\" data-fusion-google-font=\"Baskervville\" data-fusion-google-variant=\"400\" data-fusion-google-subset=\"latin\"> = 1 Liter Oliven\u00f6l pro Jahr!<\/span><\/b><\/h3>\n<\/div><\/li><li class=\"fusion-li-item\" style=\"\"><span class=\"icon-wrapper circle-no\"><i class=\"fusion-li-icon awb-icon-check\" aria-hidden=\"true\"><\/i><\/span><div class=\"fusion-li-item-content\">\n<h3><b><span style=\"font-weight: 400; color: rgb(255, 255, 255); font-family: Baskervville;\" data-mce-style=\"font-weight: 400;\" data-fusion-font=\"true\" data-fusion-google-font=\"Baskervville\" data-fusion-google-variant=\"400\" data-fusion-google-subset=\"latin\">-Olivenb\u00e4ume k\u00f6nnen bei idealen klimatischen Verh\u00e4ltnissen<\/span><span style=\"color: rgb(255, 255, 255); font-family: Baskervville; font-weight: 400;\" data-fusion-font=\"true\" data-fusion-google-font=\"Baskervville\" data-fusion-google-variant=\"400\" data-fusion-google-subset=\"latin\"> \u00fcber <\/span><span style=\"color: rgb(255, 255, 255); font-family: Baskervville;\" data-fusion-font=\"true\" data-fusion-google-font=\"Baskervville\" data-fusion-google-variant=\"400\" data-fusion-google-subset=\"latin\">2000 Jahre alt werden<\/span><\/b><b style=\"color: var(--h3_typography-color); font-family: var(--h3_typography-font-family); font-size: var(--h3_typography-font-size); background-color: rgba(255, 255, 255, 0);\"><span data-mce-style=\"font-weight: 400;\" data-fusion-font=\"true\" data-fusion-google-font=\"Baskervville\" data-fusion-google-variant=\"400\" data-fusion-google-subset=\"latin\" style=\"font-weight: 400; color: rgb(255, 255, 255); font-family: Baskervville;\"> k\u00f6nnen.<\/span><\/b><\/h3>\n<\/div><\/li><li class=\"fusion-li-item\" style=\"\"><span class=\"icon-wrapper circle-no\"><i class=\"fusion-li-icon awb-icon-check\" aria-hidden=\"true\"><\/i><\/span><div class=\"fusion-li-item-content\">\n<h3><span style=\"font-weight: 400; color: rgb(255, 255, 255); font-family: Baskervville;\" data-mce-style=\"font-weight: 400;\" data-fusion-font=\"true\" data-fusion-google-font=\"Baskervville\" data-fusion-google-variant=\"400\" data-fusion-google-subset=\"latin\">-im Norden Europas, wird Oliven\u00f6l vorwiegend zum W\u00fcrzen von Speisen verwendet, doch <\/span><b style=\"color: rgb(255, 255, 255); font-family: Baskervville; font-weight: 400;\" data-fusion-font=\"true\" data-fusion-google-font=\"Baskervville\" data-fusion-google-variant=\"400\" data-fusion-google-subset=\"latin\">in Italien und im Mittelmeerraum wird es regelm\u00e4\u00dfig zum Kochen oder sogar zum Frittieren benutzt (und es wird viel gekocht und fritiert!!).<\/b><span style=\"font-weight: 400; color: rgb(255, 255, 255); font-family: Baskervville;\" data-mce-style=\"font-weight: 400;\" data-fusion-font=\"true\" data-fusion-google-font=\"Baskervville\" data-fusion-google-variant=\"400\" data-fusion-google-subset=\"latin\"> Dank seinem an mehrfach unges\u00e4ttigten Fetts\u00e4uren Inhalt, ist <\/span><b style=\"color: rgb(255, 255, 255); font-family: Baskervville;\" data-fusion-font=\"true\" data-fusion-google-font=\"Baskervville\" data-fusion-google-variant=\"400\" data-fusion-google-subset=\"latin\">das \u00d6l hitzebest\u00e4ndig bis ca. 200\u00b0C.<\/b><\/h3>\n<\/div><\/li><li class=\"fusion-li-item\" style=\"\"><span class=\"icon-wrapper circle-no\"><i class=\"fusion-li-icon awb-icon-check\" aria-hidden=\"true\"><\/i><\/span><div class=\"fusion-li-item-content\">\n<h3><b style=\"color: rgb(255, 255, 255); font-family: Baskervville;\" data-fusion-font=\"true\" data-fusion-google-font=\"Baskervville\" data-fusion-google-variant=\"400\" data-fusion-google-subset=\"latin\">-Frische Oliven<\/b><span style=\"font-weight: 400; color: rgb(255, 255, 255); font-family: Baskervville;\" data-fusion-font=\"true\" data-fusion-google-font=\"Baskervville\" data-fusion-google-variant=\"400\" data-fusion-google-subset=\"latin\">  ungeniessbar sind! <\/span><span style=\"color: rgb(255, 255, 255);\">Sie sind furchtbar bitter und haben viel Gerbs\u00e4ure.<\/span><\/h3>\n<\/div><\/li><li class=\"fusion-li-item\" style=\"\"><span class=\"icon-wrapper circle-no\"><i class=\"fusion-li-icon awb-icon-check\" aria-hidden=\"true\"><\/i><\/span><div class=\"fusion-li-item-content\">\n<h3><b><span style=\"color: #ffffff; font-family: Baskervville; font-weight: 400;\" data-fusion-font=\"true\" data-fusion-google-font=\"Baskervville\" data-fusion-google-variant=\"400\" data-fusion-google-subset=\"latin\">-wir unsere besten Kunden<\/span> <\/b><b style=\"color: var(--h3_typography-color); font-family: var(--h3_typography-font-family); font-size: var(--h3_typography-font-size); background-color: rgba(255, 255, 255, 0);\"><span style=\"color: #ffffff; font-family: Baskervville; font-weight: 400;\" data-fusion-font=\"true\" data-fusion-google-font=\"Baskervville\" data-fusion-google-variant=\"400\" data-fusion-google-subset=\"latin\">sind. <\/span><\/b><b style=\"color: var(--h3_typography-color); font-family: var(--h3_typography-font-family); font-size: var(--h3_typography-font-size); font-style: var(--h3_typography-font-style,normal); letter-spacing: var(--h3_typography-letter-spacing); background-color: rgba(255, 255, 255, 0);\"><span style=\"font-weight: 400; color: #ffffff; font-family: Baskervville;\" data-fusion-font=\"true\" data-fusion-google-font=\"Baskervville\" data-fusion-google-variant=\"400\" data-fusion-google-subset=\"latin\">Die Familie Gehrig braucht zirka<\/span><span style=\"color: #ffffff; font-family: Baskervville; font-weight: 400;\" data-fusion-font=\"true\" data-fusion-google-font=\"Baskervville\" data-fusion-google-variant=\"400\" data-fusion-google-subset=\"latin\"> ein Liter Oliven\u00f6l in der Woche<\/span><span style=\"font-weight: 400; color: #ffffff; font-family: Baskervville;\" data-fusion-font=\"true\" data-fusion-google-font=\"Baskervville\" data-fusion-google-variant=\"400\" data-fusion-google-subset=\"latin\">!<\/span><\/b><\/h3>\n<\/div><\/li><\/ul><div class=\"fusion-clearfix\"><\/div><\/div><\/div><\/div><\/div>\n","protected":false},"excerpt":{"rendered":"","protected":false},"author":1,"featured_media":0,"parent":0,"menu_order":0,"comment_status":"closed","ping_status":"closed","template":"","meta":{"footnotes":""},"class_list":["post-3951","page","type-page","status-publish","hentry"],"_links":{"self":[{"href":"https:\/\/www.scassi.it\/de\/wp-json\/wp\/v2\/pages\/3951","targetHints":{"allow":["GET"]}}],"collection":[{"href":"https:\/\/www.scassi.it\/de\/wp-json\/wp\/v2\/pages"}],"about":[{"href":"https:\/\/www.scassi.it\/de\/wp-json\/wp\/v2\/types\/page"}],"author":[{"embeddable":true,"href":"https:\/\/www.scassi.it\/de\/wp-json\/wp\/v2\/users\/1"}],"replies":[{"embeddable":true,"href":"https:\/\/www.scassi.it\/de\/wp-json\/wp\/v2\/comments?post=3951"}],"version-history":[{"count":0,"href":"https:\/\/www.scassi.it\/de\/wp-json\/wp\/v2\/pages\/3951\/revisions"}],"wp:attachment":[{"href":"https:\/\/www.scassi.it\/de\/wp-json\/wp\/v2\/media?parent=3951"}],"curies":[{"name":"wp","href":"https:\/\/api.w.org\/{rel}","templated":true}]}}