{"id":3612,"date":"2020-03-25T17:05:52","date_gmt":"2020-03-25T16:05:52","guid":{"rendered":"https:\/\/2020.scassi.it\/shop\/new-ingwer-bio-extra-vergine-olivenol\/"},"modified":"2020-05-12T12:39:32","modified_gmt":"2020-05-12T10:39:32","slug":"new-ingwer-bio-extra-vergine-olivenol","status":"publish","type":"product","link":"https:\/\/www.scassi.it\/de\/product\/new-ingwer-bio-extra-vergine-olivenol\/","title":{"rendered":"NEU!! 100ml IngwerBio Extra Vergine Oliven\u00f6l"},"content":{"rendered":"<p><span style=\"font-weight: 400;\">Dieses exotische gew\u00fcrz-\u00d6l gibt deinem Men\u00fc eine orientalische Note. Passend zu allen Asiatischen Rezepten aber auch zu K\u00fcrbis, Huhn, Smoothies usw. Entweder zum Kochen oder <\/span><span style=\"font-weight: 400;\">\u00fc<\/span><span style=\"font-weight: 400;\">ber die fertigen Gerichte.<\/span><\/p>\n","protected":false},"excerpt":{"rendered":"<p>Dieses exotische gew\u00fcrz-\u00d6l gibt deinem Men\u00fc eine orientalische Note. Passend zu allen Asiatischen Rezepten aber auch zu K\u00fcrbis, Huhn, Smoothies usw. Entweder zum Kochen oder \u00fcber die fertigen Gerichte.<\/p>\n","protected":false},"featured_media":3611,"comment_status":"open","ping_status":"closed","template":"","meta":[],"product_brand":[],"product_cat":[48],"product_tag":[],"class_list":{"0":"post-3612","1":"product","2":"type-product","3":"status-publish","4":"has-post-thumbnail","6":"product_cat-gewurzole","8":"first","9":"instock","10":"shipping-taxable","11":"purchasable","12":"product-type-simple"},"_links":{"self":[{"href":"https:\/\/www.scassi.it\/de\/wp-json\/wp\/v2\/product\/3612","targetHints":{"allow":["GET"]}}],"collection":[{"href":"https:\/\/www.scassi.it\/de\/wp-json\/wp\/v2\/product"}],"about":[{"href":"https:\/\/www.scassi.it\/de\/wp-json\/wp\/v2\/types\/product"}],"replies":[{"embeddable":true,"href":"https:\/\/www.scassi.it\/de\/wp-json\/wp\/v2\/comments?post=3612"}],"wp:featuredmedia":[{"embeddable":true,"href":"https:\/\/www.scassi.it\/de\/wp-json\/wp\/v2\/media\/3611"}],"wp:attachment":[{"href":"https:\/\/www.scassi.it\/de\/wp-json\/wp\/v2\/media?parent=3612"}],"wp:term":[{"taxonomy":"product_brand","embeddable":true,"href":"https:\/\/www.scassi.it\/de\/wp-json\/wp\/v2\/product_brand?post=3612"},{"taxonomy":"product_cat","embeddable":true,"href":"https:\/\/www.scassi.it\/de\/wp-json\/wp\/v2\/product_cat?post=3612"},{"taxonomy":"product_tag","embeddable":true,"href":"https:\/\/www.scassi.it\/de\/wp-json\/wp\/v2\/product_tag?post=3612"}],"curies":[{"name":"wp","href":"https:\/\/api.w.org\/{rel}","templated":true}]}}