{"id":3642,"date":"2020-02-19T22:33:51","date_gmt":"2020-02-19T21:33:51","guid":{"rendered":"https:\/\/2020.scassi.it\/shop\/rosmarin-bio-extra-vergine-ol\/"},"modified":"2020-05-12T12:32:54","modified_gmt":"2020-05-12T10:32:54","slug":"rosmarin-bio-extra-vergine-ol","status":"publish","type":"product","link":"https:\/\/www.scassi.it\/de\/product\/rosmarin-bio-extra-vergine-ol\/","title":{"rendered":"100ml Rosmarin Bio Extra Vergine Oliven\u00f6l"},"content":{"rendered":"<p><b>Rosmarin \u00d6l<\/b><span style=\"font-weight: 400;\">: Gibt allen Speisen eine Italienische Note. Vorwiegend f\u00fcr Fleisch, Kartoffeln oder Ofen Gem\u00fcse verwendet.\u00a0<\/span><\/p>\n","protected":false},"excerpt":{"rendered":"<p>Rosmarin \u00d6l: Gibt allen Speisen eine Italienische Note. Vorwiegend f\u00fcr Fleisch, Kartoffeln oder Ofen Gem\u00fcse verwendet.\u00a0<\/p>\n","protected":false},"featured_media":3611,"comment_status":"open","ping_status":"closed","template":"","meta":[],"product_brand":[],"product_cat":[48],"product_tag":[],"class_list":{"0":"post-3642","1":"product","2":"type-product","3":"status-publish","4":"has-post-thumbnail","6":"product_cat-gewurzole","8":"first","9":"instock","10":"shipping-taxable","11":"purchasable","12":"product-type-simple"},"_links":{"self":[{"href":"https:\/\/www.scassi.it\/de\/wp-json\/wp\/v2\/product\/3642","targetHints":{"allow":["GET"]}}],"collection":[{"href":"https:\/\/www.scassi.it\/de\/wp-json\/wp\/v2\/product"}],"about":[{"href":"https:\/\/www.scassi.it\/de\/wp-json\/wp\/v2\/types\/product"}],"replies":[{"embeddable":true,"href":"https:\/\/www.scassi.it\/de\/wp-json\/wp\/v2\/comments?post=3642"}],"wp:featuredmedia":[{"embeddable":true,"href":"https:\/\/www.scassi.it\/de\/wp-json\/wp\/v2\/media\/3611"}],"wp:attachment":[{"href":"https:\/\/www.scassi.it\/de\/wp-json\/wp\/v2\/media?parent=3642"}],"wp:term":[{"taxonomy":"product_brand","embeddable":true,"href":"https:\/\/www.scassi.it\/de\/wp-json\/wp\/v2\/product_brand?post=3642"},{"taxonomy":"product_cat","embeddable":true,"href":"https:\/\/www.scassi.it\/de\/wp-json\/wp\/v2\/product_cat?post=3642"},{"taxonomy":"product_tag","embeddable":true,"href":"https:\/\/www.scassi.it\/de\/wp-json\/wp\/v2\/product_tag?post=3642"}],"curies":[{"name":"wp","href":"https:\/\/api.w.org\/{rel}","templated":true}]}}